{"id":149,"date":"2017-02-07T16:30:04","date_gmt":"2017-02-07T15:30:04","guid":{"rendered":"https:\/\/etfilters.pl\/home\/"},"modified":"2025-11-17T15:16:53","modified_gmt":"2025-11-17T14:16:53","slug":"home","status":"publish","type":"page","link":"https:\/\/etfilters.pl\/en\/","title":{"rendered":"ET Filters \u2013 W\u0142\u00f3kniny filtracyjne, maty i filtry przemys\u0142owe."},"content":{"rendered":"\n<div class=\"wp-block-columns is-not-stacked-on-mobile reveal is-layout-flex wp-container-core-columns-is-layout-1 wp-block-columns-is-layout-flex\">\n<div class=\"wp-block-column is-vertically-aligned-center image-left is-layout-flow wp-block-column-is-layout-flow\"><div class=\"wp-block-image\">\n<figure class=\"alignright size-full is-resized\"><img loading=\"lazy\" decoding=\"async\" width=\"222\" height=\"357\" src=\"https:\/\/etfilters.pl\/wp-content\/uploads\/2024\/10\/filtr-patronowy-filtry-patronowe.jpg\" alt=\"\" class=\"wp-image-9508\" style=\"width:auto;height:250px\" srcset=\"https:\/\/etfilters.pl\/wp-content\/uploads\/2024\/10\/filtr-patronowy-filtry-patronowe.jpg 222w, https:\/\/etfilters.pl\/wp-content\/uploads\/2024\/10\/filtr-patronowy-filtry-patronowe-187x300.jpg 187w\" sizes=\"(max-width: 222px) 100vw, 222px\" \/><\/figure><\/div><\/div>\n\n\n\n<div class=\"wp-block-column image-center is-layout-flow wp-block-column-is-layout-flow\"><div class=\"wp-block-image\">\n<figure class=\"aligncenter size-full is-resized\"><img loading=\"lazy\" decoding=\"async\" width=\"344\" height=\"357\" src=\"https:\/\/etfilters.pl\/wp-content\/uploads\/2024\/10\/filtr-patronowy-filtry-patronowe-2.jpg\" alt=\"\" class=\"wp-image-9507\" style=\"width:auto;height:300px\" srcset=\"https:\/\/etfilters.pl\/wp-content\/uploads\/2024\/10\/filtr-patronowy-filtry-patronowe-2.jpg 344w, https:\/\/etfilters.pl\/wp-content\/uploads\/2024\/10\/filtr-patronowy-filtry-patronowe-2-289x300.jpg 289w\" sizes=\"(max-width: 344px) 100vw, 344px\" \/><\/figure><\/div><\/div>\n\n\n\n<div class=\"wp-block-column is-vertically-aligned-center image-right is-layout-flow wp-block-column-is-layout-flow\"><div class=\"wp-block-image\">\n<figure class=\"alignleft size-full is-resized\"><img loading=\"lazy\" decoding=\"async\" width=\"310\" height=\"357\" src=\"https:\/\/etfilters.pl\/wp-content\/uploads\/2024\/10\/filtr-patronowy-filtry-patronowe-1.jpg\" alt=\"\" class=\"wp-image-9506\" style=\"width:auto;height:250px\" srcset=\"https:\/\/etfilters.pl\/wp-content\/uploads\/2024\/10\/filtr-patronowy-filtry-patronowe-1.jpg 310w, https:\/\/etfilters.pl\/wp-content\/uploads\/2024\/10\/filtr-patronowy-filtry-patronowe-1-261x300.jpg 261w\" sizes=\"(max-width: 310px) 100vw, 310px\" \/><\/figure><\/div><\/div>\n<\/div>\n\n\n<h1 style=\"text-align: center; margin-top: 20px;\"><strong>Producent mat i w\u0142\u00f3knin filtracyjnych \u2013 filtry przemys\u0142owe do powietrza, cieczy i gaz\u00f3w.<\/strong><\/h1>\n<p data-start=\"1952\" data-end=\"2267\">Jako <strong data-start=\"1958\" data-end=\"2026\">producent filtr\u00f3w przemys\u0142owych oraz mat i w\u0142\u00f3knin filtracyjnych<\/strong> dostarczamy profesjonalne rozwi\u0105zania do filtracji powietrza, cieczy i gaz\u00f3w. Od 2007 roku zaopatrujemy zak\u0142ady produkcyjne, lakiernie, firmy HVAC, bran\u017c\u0119 automotive oraz sektor maszyn budowlanych w trwa\u0142e i skuteczne systemy filtracyjne.<\/p>\n<p data-start=\"2269\" data-end=\"2516\">Oferujemy <strong data-start=\"2279\" data-end=\"2406\">maty filtracyjne, w\u0142\u00f3kniny, filtry kasetowe, kieszeniowe, patronowe, workowe oraz filtry do maszyn i urz\u0105dze\u0144 przemys\u0142owych<\/strong>. Ka\u017cdy produkt wykonujemy z wysokiej jako\u015bci materia\u0142\u00f3w, zapewniaj\u0105c d\u0142ug\u0105 \u017cywotno\u015b\u0107 i wydajno\u015b\u0107 filtracji.<\/p>\n<p data-start=\"2518\" data-end=\"2708\">Doradzamy najlepsze rozwi\u0105zania pod konkretne zastosowania i pomagamy w sta\u0142ych dostawach dla firm. Sprawd\u017a nasz\u0105 ofert\u0119 i wybierz niezawodne filtry przemys\u0142owe dopasowane do Twojej bran\u017cy.<\/p>\n<h2 style=\"text-align: center; font-size: 23px;\"><strong>Filtry patronowe, HEPA, ULPA, worki filtracyjne, filtry do maszyn budowlanych<\/strong>\u00a0i wiele wi\u0119cej<\/h2>\n<p style=\"text-align: justify;\">Naszym Klientom oferujemy wysokiej jako\u015bci <strong>filtry<\/strong>. Proponujemy je\u00a0zar\u00f3wno w\u00a0oryginalnych wersjach, jak\u00a0i\u00a0w\u00a0postaci ta\u0144szych odpowiednik\u00f3w. Znajdziesz u\u00a0nas m.in. filtry <strong>kasetowe<\/strong>, <strong>patronowe<\/strong> jak\u00a0i <strong>absolutne HEPA\/ULPA<\/strong>. Ponadto polecamy produkty przeznaczone <strong>do\u00a0maszyn budowlanych<\/strong>, wycinarek laserowych, filtry do <strong>lakierni i malarni<\/strong>, a tak\u017ce wypalarek plazmowych i laser\u00f3w. Dysponujemy r\u00f3wnie\u017c <strong>workami<\/strong>, <strong>matami<\/strong> oraz <strong>w\u0142\u00f3kninami filtracyjnymi<\/strong>. Zapraszamy do\u00a0zakup\u00f3w!<\/p>\n<h4 style=\"text-align: left;\">\u00a0<\/h4>\n<h4 style=\"text-align: left;\">\u00a0<\/h4>\n<h4 style=\"text-align: left;\">\u00a0<\/h4>\n<h4 style=\"text-align: left;\">U nas mo\u017cesz kupi\u0107 filtry oryginalne lub ta\u0144sze odpowiedniki:<\/h4>\n<ul>\n<li style=\"list-style-type: none;\">\n<ul>\n<li style=\"text-align: left;\">Filtry patronowe<\/li>\n<\/ul>\n<\/li>\n<\/ul>\n<ul>\n<li style=\"list-style-type: none;\">\n<ul>\n<li style=\"text-align: left;\">Filtry workowe, worki filtracyjne<\/li>\n<\/ul>\n<\/li>\n<\/ul>\n<ul>\n<li style=\"list-style-type: none;\">\n<ul>\n<li style=\"text-align: left;\">Filtry do malarni, lakierni<\/li>\n<\/ul>\n<\/li>\n<\/ul>\n<ul>\n<li style=\"list-style-type: none;\">\n<ul>\n<li style=\"text-align: left;\">Filtry do wypalarek plazmowych<\/li>\n<\/ul>\n<\/li>\n<\/ul>\n<ul>\n<li style=\"list-style-type: none;\">\n<ul>\n<li style=\"text-align: left;\">Filtry do kom\u00f3r \u015brutowniczych<\/li>\n<\/ul>\n<\/li>\n<\/ul>\n<ul>\n<li style=\"list-style-type: none;\">\n<ul>\n<li style=\"text-align: left;\">Filtry do wycinarek laserowych<\/li>\n<\/ul>\n<\/li>\n<\/ul>\n<ul>\n<li style=\"text-align: left;\">Filtry kasetowe HEPA\/ULPA , filtry absolutne<\/li>\n<\/ul>\n<h1>\u00a0<\/h1>\n<h1><span style=\"color: #ffffff;\">Filtry przemys\u0142owe, maty filtracyjne, w\u0142\u00f3kniny filtracyjne, filtry patronowe, worki filtracyjne<\/span><\/h1>","protected":false},"excerpt":{"rendered":"<p>Producent mat i w\u0142\u00f3knin filtracyjnych \u2013 filtry przemys\u0142owe do powietrza, cieczy i gaz\u00f3w. Jako producent filtr\u00f3w przemys\u0142owych oraz mat i w\u0142\u00f3knin filtracyjnych dostarczamy profesjonalne rozwi\u0105zania do filtracji powietrza, cieczy i gaz\u00f3w. Od 2007 roku zaopatrujemy zak\u0142ady produkcyjne, lakiernie, firmy HVAC, bran\u017c\u0119 automotive oraz sektor maszyn budowlanych w trwa\u0142e i skuteczne systemy filtracyjne. Oferujemy maty filtracyjne, &#8230; <a title=\"ET Filters \u2013 W\u0142\u00f3kniny filtracyjne, maty i filtry przemys\u0142owe.\" class=\"read-more\" href=\"https:\/\/etfilters.pl\/en\/\" aria-label=\"Read more about ET Filters \u2013 W\u0142\u00f3kniny filtracyjne, maty i filtry przemys\u0142owe.\">Read more<\/a><\/p>\n","protected":false},"author":1,"featured_media":0,"parent":0,"menu_order":0,"comment_status":"closed","ping_status":"open","template":"","meta":{"footnotes":""},"class_list":["post-149","page","type-page","status-publish"],"yoast_head":"<!-- This site is optimized with the Yoast SEO plugin v24.3 - https:\/\/yoast.com\/wordpress\/plugins\/seo\/ -->\n<title>ET Filters \u2013 W\u0142\u00f3kniny filtracyjne, maty i filtry przemys\u0142owe. -<\/title>\n<meta name=\"robots\" content=\"index, follow, max-snippet:-1, max-image-preview:large, max-video-preview:-1\" \/>\n<link rel=\"canonical\" href=\"https:\/\/etfilters.pl\/en\/home\/\" \/>\n<meta property=\"og:locale\" content=\"en_US\" \/>\n<meta property=\"og:type\" content=\"article\" \/>\n<meta property=\"og:title\" content=\"ET Filters \u2013 W\u0142\u00f3kniny filtracyjne, maty i filtry przemys\u0142owe. -\" \/>\n<meta property=\"og:description\" content=\"Producent mat i w\u0142\u00f3knin filtracyjnych \u2013 filtry przemys\u0142owe do powietrza, cieczy i gaz\u00f3w. Jako producent filtr\u00f3w przemys\u0142owych oraz mat i w\u0142\u00f3knin filtracyjnych dostarczamy profesjonalne rozwi\u0105zania do filtracji powietrza, cieczy i gaz\u00f3w. Od 2007 roku zaopatrujemy zak\u0142ady produkcyjne, lakiernie, firmy HVAC, bran\u017c\u0119 automotive oraz sektor maszyn budowlanych w trwa\u0142e i skuteczne systemy filtracyjne. Oferujemy maty filtracyjne, ... Read more\" \/>\n<meta property=\"og:url\" content=\"https:\/\/etfilters.pl\/en\/home\/\" \/>\n<meta property=\"article:modified_time\" content=\"2025-11-17T14:16:53+00:00\" \/>\n<meta property=\"og:image\" content=\"https:\/\/etfilters.pl\/wp-content\/uploads\/2024\/10\/filtr-patronowy-filtry-patronowe.jpg\" \/>\n\t<meta property=\"og:image:width\" content=\"222\" \/>\n\t<meta property=\"og:image:height\" content=\"357\" \/>\n\t<meta property=\"og:image:type\" content=\"image\/jpeg\" \/>\n<meta name=\"twitter:card\" content=\"summary_large_image\" \/>\n<meta name=\"twitter:label1\" content=\"Est. reading time\" \/>\n\t<meta name=\"twitter:data1\" content=\"2 minutes\" \/>\n<script type=\"application\/ld+json\" class=\"yoast-schema-graph\">{\"@context\":\"https:\/\/schema.org\",\"@graph\":[{\"@type\":\"WebPage\",\"@id\":\"https:\/\/etfilters.pl\/en\/home\/\",\"url\":\"https:\/\/etfilters.pl\/en\/home\/\",\"name\":\"ET Filters \u2013 W\u0142\u00f3kniny filtracyjne, maty i filtry przemys\u0142owe. -\",\"isPartOf\":{\"@id\":\"https:\/\/etfilters.pl\/#website\"},\"primaryImageOfPage\":{\"@id\":\"https:\/\/etfilters.pl\/en\/home\/#primaryimage\"},\"image\":{\"@id\":\"https:\/\/etfilters.pl\/en\/home\/#primaryimage\"},\"thumbnailUrl\":\"https:\/\/etfilters.pl\/wp-content\/uploads\/2024\/10\/filtr-patronowy-filtry-patronowe.jpg\",\"datePublished\":\"2017-02-07T15:30:04+00:00\",\"dateModified\":\"2025-11-17T14:16:53+00:00\",\"breadcrumb\":{\"@id\":\"https:\/\/etfilters.pl\/en\/home\/#breadcrumb\"},\"inLanguage\":\"en-US\",\"potentialAction\":[{\"@type\":\"ReadAction\",\"target\":[\"https:\/\/etfilters.pl\/en\/home\/\"]}]},{\"@type\":\"ImageObject\",\"inLanguage\":\"en-US\",\"@id\":\"https:\/\/etfilters.pl\/en\/home\/#primaryimage\",\"url\":\"https:\/\/etfilters.pl\/wp-content\/uploads\/2024\/10\/filtr-patronowy-filtry-patronowe.jpg\",\"contentUrl\":\"https:\/\/etfilters.pl\/wp-content\/uploads\/2024\/10\/filtr-patronowy-filtry-patronowe.jpg\"},{\"@type\":\"BreadcrumbList\",\"@id\":\"https:\/\/etfilters.pl\/en\/home\/#breadcrumb\",\"itemListElement\":[{\"@type\":\"ListItem\",\"position\":1,\"name\":\"Strona g\u0142\u00f3wna\",\"item\":\"https:\/\/etfilters.pl\/en\/home\/\"},{\"@type\":\"ListItem\",\"position\":2,\"name\":\"ET Filters \u2013 W\u0142\u00f3kniny filtracyjne, maty i filtry przemys\u0142owe.\"}]},{\"@type\":\"WebSite\",\"@id\":\"https:\/\/etfilters.pl\/#website\",\"url\":\"https:\/\/etfilters.pl\/\",\"name\":\"https:\/\/etfilters.pl\/\",\"description\":\"\",\"publisher\":{\"@id\":\"https:\/\/etfilters.pl\/#organization\"},\"potentialAction\":[{\"@type\":\"SearchAction\",\"target\":{\"@type\":\"EntryPoint\",\"urlTemplate\":\"https:\/\/etfilters.pl\/?s={search_term_string}\"},\"query-input\":{\"@type\":\"PropertyValueSpecification\",\"valueRequired\":true,\"valueName\":\"search_term_string\"}}],\"inLanguage\":\"en-US\"},{\"@type\":\"Organization\",\"@id\":\"https:\/\/etfilters.pl\/#organization\",\"name\":\"ET Filters\",\"url\":\"https:\/\/etfilters.pl\/\",\"logo\":{\"@type\":\"ImageObject\",\"inLanguage\":\"en-US\",\"@id\":\"https:\/\/etfilters.pl\/#\/schema\/logo\/image\/\",\"url\":\"https:\/\/etfilters.pl\/wp-content\/uploads\/2020\/03\/logo.png\",\"contentUrl\":\"https:\/\/etfilters.pl\/wp-content\/uploads\/2020\/03\/logo.png\",\"width\":350,\"height\":49,\"caption\":\"ET Filters\"},\"image\":{\"@id\":\"https:\/\/etfilters.pl\/#\/schema\/logo\/image\/\"}}]}<\/script>\n<!-- \/ Yoast SEO plugin. -->","yoast_head_json":{"title":"ET Filters \u2013 W\u0142\u00f3kniny filtracyjne, maty i filtry przemys\u0142owe. -","robots":{"index":"index","follow":"follow","max-snippet":"max-snippet:-1","max-image-preview":"max-image-preview:large","max-video-preview":"max-video-preview:-1"},"canonical":"https:\/\/etfilters.pl\/en\/home\/","og_locale":"en_US","og_type":"article","og_title":"ET Filters \u2013 W\u0142\u00f3kniny filtracyjne, maty i filtry przemys\u0142owe. -","og_description":"Producent mat i w\u0142\u00f3knin filtracyjnych \u2013 filtry przemys\u0142owe do powietrza, cieczy i gaz\u00f3w. Jako producent filtr\u00f3w przemys\u0142owych oraz mat i w\u0142\u00f3knin filtracyjnych dostarczamy profesjonalne rozwi\u0105zania do filtracji powietrza, cieczy i gaz\u00f3w. Od 2007 roku zaopatrujemy zak\u0142ady produkcyjne, lakiernie, firmy HVAC, bran\u017c\u0119 automotive oraz sektor maszyn budowlanych w trwa\u0142e i skuteczne systemy filtracyjne. Oferujemy maty filtracyjne, ... Read more","og_url":"https:\/\/etfilters.pl\/en\/home\/","article_modified_time":"2025-11-17T14:16:53+00:00","og_image":[{"width":222,"height":357,"url":"https:\/\/etfilters.pl\/wp-content\/uploads\/2024\/10\/filtr-patronowy-filtry-patronowe.jpg","type":"image\/jpeg"}],"twitter_card":"summary_large_image","twitter_misc":{"Est. reading time":"2 minutes"},"schema":{"@context":"https:\/\/schema.org","@graph":[{"@type":"WebPage","@id":"https:\/\/etfilters.pl\/en\/home\/","url":"https:\/\/etfilters.pl\/en\/home\/","name":"ET Filters \u2013 W\u0142\u00f3kniny filtracyjne, maty i filtry przemys\u0142owe. -","isPartOf":{"@id":"https:\/\/etfilters.pl\/#website"},"primaryImageOfPage":{"@id":"https:\/\/etfilters.pl\/en\/home\/#primaryimage"},"image":{"@id":"https:\/\/etfilters.pl\/en\/home\/#primaryimage"},"thumbnailUrl":"https:\/\/etfilters.pl\/wp-content\/uploads\/2024\/10\/filtr-patronowy-filtry-patronowe.jpg","datePublished":"2017-02-07T15:30:04+00:00","dateModified":"2025-11-17T14:16:53+00:00","breadcrumb":{"@id":"https:\/\/etfilters.pl\/en\/home\/#breadcrumb"},"inLanguage":"en-US","potentialAction":[{"@type":"ReadAction","target":["https:\/\/etfilters.pl\/en\/home\/"]}]},{"@type":"ImageObject","inLanguage":"en-US","@id":"https:\/\/etfilters.pl\/en\/home\/#primaryimage","url":"https:\/\/etfilters.pl\/wp-content\/uploads\/2024\/10\/filtr-patronowy-filtry-patronowe.jpg","contentUrl":"https:\/\/etfilters.pl\/wp-content\/uploads\/2024\/10\/filtr-patronowy-filtry-patronowe.jpg"},{"@type":"BreadcrumbList","@id":"https:\/\/etfilters.pl\/en\/home\/#breadcrumb","itemListElement":[{"@type":"ListItem","position":1,"name":"Strona g\u0142\u00f3wna","item":"https:\/\/etfilters.pl\/en\/home\/"},{"@type":"ListItem","position":2,"name":"ET Filters \u2013 W\u0142\u00f3kniny filtracyjne, maty i filtry przemys\u0142owe."}]},{"@type":"WebSite","@id":"https:\/\/etfilters.pl\/#website","url":"https:\/\/etfilters.pl\/","name":"https:\/\/etfilters.pl\/","description":"","publisher":{"@id":"https:\/\/etfilters.pl\/#organization"},"potentialAction":[{"@type":"SearchAction","target":{"@type":"EntryPoint","urlTemplate":"https:\/\/etfilters.pl\/?s={search_term_string}"},"query-input":{"@type":"PropertyValueSpecification","valueRequired":true,"valueName":"search_term_string"}}],"inLanguage":"en-US"},{"@type":"Organization","@id":"https:\/\/etfilters.pl\/#organization","name":"ET Filters","url":"https:\/\/etfilters.pl\/","logo":{"@type":"ImageObject","inLanguage":"en-US","@id":"https:\/\/etfilters.pl\/#\/schema\/logo\/image\/","url":"https:\/\/etfilters.pl\/wp-content\/uploads\/2020\/03\/logo.png","contentUrl":"https:\/\/etfilters.pl\/wp-content\/uploads\/2020\/03\/logo.png","width":350,"height":49,"caption":"ET Filters"},"image":{"@id":"https:\/\/etfilters.pl\/#\/schema\/logo\/image\/"}}]}},"_links":{"self":[{"href":"https:\/\/etfilters.pl\/en\/wp-json\/wp\/v2\/pages\/149"}],"collection":[{"href":"https:\/\/etfilters.pl\/en\/wp-json\/wp\/v2\/pages"}],"about":[{"href":"https:\/\/etfilters.pl\/en\/wp-json\/wp\/v2\/types\/page"}],"author":[{"embeddable":true,"href":"https:\/\/etfilters.pl\/en\/wp-json\/wp\/v2\/users\/1"}],"replies":[{"embeddable":true,"href":"https:\/\/etfilters.pl\/en\/wp-json\/wp\/v2\/comments?post=149"}],"version-history":[{"count":54,"href":"https:\/\/etfilters.pl\/en\/wp-json\/wp\/v2\/pages\/149\/revisions"}],"predecessor-version":[{"id":9701,"href":"https:\/\/etfilters.pl\/en\/wp-json\/wp\/v2\/pages\/149\/revisions\/9701"}],"wp:attachment":[{"href":"https:\/\/etfilters.pl\/en\/wp-json\/wp\/v2\/media?parent=149"}],"curies":[{"name":"wp","href":"https:\/\/api.w.org\/{rel}","templated":true}]}}