{"id":8926,"date":"2017-02-14T12:35:07","date_gmt":"2017-02-14T11:35:07","guid":{"rendered":"https:\/\/etfilters.pl\/maty-filtracyjne\/"},"modified":"2021-07-15T14:20:51","modified_gmt":"2021-07-15T12:20:51","slug":"maty-filtracyjne-2","status":"publish","type":"page","link":"https:\/\/etfilters.pl\/en\/maty-filtracyjne-2\/","title":{"rendered":"MATY FILTRACYJNE W\u0141\u00d3KNINY FILTRACYJNE"},"content":{"rendered":"<h1>Maty filtracyjne &#8211; W\u0142\u00f3kniny filtracyjne<\/h1>\n<ul>\n<li>\n<h2>G2, G3, G4, G5,<\/h2>\n<\/li>\n<li>\n<h2>EU2, EU3, EU4, EU5<\/h2>\n<\/li>\n<\/ul>\n<h1><\/h1>\n<h1>Mata filtracyjna ETM2 G2 EU2 &#8211; w\u0142\u00f3knina filtracyjna ETM2 G2 EU2<\/h1>\n<p>Surowiec: 100% Poliester<br \/>\nSpos\u00f3b \u0142\u0105czenia: termicznie<br \/>\nMax szeroko\u015bc w\u0142\u00f3kniny: 2 m<br \/>\nMax d\u0142ugo\u015b\u0107 zwoju: 60 mb. &#8211; standard 20mb.<br \/>\nMasa powierzchniowa: 130 g\/m2<br \/>\nGrubo\u015b\u0107 w\u0142\u00f3kniny: 9,0 mm<br \/>\nKolor: bia\u0142y<br \/>\nSkuteczno\u015b\u0107 odpylania:<br \/>\n(py\u0142 mineralny \u201eASHTRAE\u201d 52\/76 \u03b7 \u2013 58% (Pr\u0119dko\u015b\u0107 liniowa = 104 cm\/sek.)<br \/>\nOdporno\u015b\u0107 na temperatur\u0119: 100oC (praca ci\u0105g\u0142a)<br \/>\nOdporno\u015b\u0107 na wilgo\u0107: odporna<br \/>\nOdporno\u015b\u0107 na kwasy: odporna<\/p>\n<p>Zastosowanie: W\u0142\u00f3knina ETM2 stosowana jest w urz\u0105dzeniach klimatyzacyjnych jako wk\u0142ad do filtr\u00f3w klasy G-2 EU2<\/p>\n<h1>Mata filtracyjnaETM3 G3 EU3 &#8211; w\u0142\u00f3knina filtracyjna ETM3 G3 EU3<\/h1>\n<p>Surowiec: 100% Poliester<br \/>\nSpos\u00f3b \u0142\u0105czenia: termicznie<br \/>\nMax szeroko\u015b\u0107 w\u0142\u00f3kniny: 2 m<br \/>\nMax d\u0142ugo\u015b\u0107 zwoju: 60 mb. &#8211; standard 20mb.<br \/>\nMasa powierzchniowa: 200\u00a0g\/m2<br \/>\nGrubo\u015b\u0107 w\u0142\u00f3kniny: 10,0 mm<br \/>\nKolor: bia\u0142y<br \/>\nSkuteczno\u015b\u0107 odpylania:<br \/>\n(py\u0142 mineralny \u201eASHTRAE\u201d 52\/76) : \u03b7 \u2013 62% (Pr\u0119dko\u015b\u0107 liniowa = 104 cm\/sek.)<br \/>\nOdporno\u015b\u0107 na temperatur\u0119: 100oC (praca ci\u0105g\u0142a)<br \/>\nOdporno\u015b\u0107 na wilgo\u0107: odporna<br \/>\nOdporno\u015b\u0107 na kwasy: odporna<\/p>\n<p>Zastosowanie:<br \/>\nW\u0142\u00f3knina filtracyjna ETM3 wykorzystywana jest w urz\u0105dzeniach klimatyzacyjnych i odpylaj\u0105cych jako wk\u0142ad do filtra klasy G-3 EU3<\/p>\n<h1>Mata filtracyjna ETN4 G4 EU4- w\u0142\u00f3knina filtracyjna ETM4 G4 EU4<\/h1>\n<p>Surowiec: 100% Poliester<br \/>\nSpos\u00f3b \u0142\u0105czenia: termicznie<br \/>\nMax szeroko\u015b\u0107 w\u0142\u00f3kniny: 2 m<br \/>\nMax d\u0142ugo\u015b\u0107 zwoju: 60 mb. &#8211; standard 20mb.<br \/>\nMasa powierzchniowa: 270\u00a0g\/m2<br \/>\nGrubo\u015b\u0107 w\u0142\u00f3kniny: 12 mm<br \/>\nKolor: bia\u0142y<br \/>\nSkuteczno\u015b\u0107 odpylania:<br \/>\n(py\u0142 mineralny \u201eASHTRAE\u201d 52\/76) : \u03b7 \u2013 68% (Pr\u0119dko\u015b\u0107 liniowa = 104 cm\/sek.)<br \/>\nOdporno\u015b\u0107 na temperatur\u0119: 100C (praca ci\u0105g\u0142a)<br \/>\nOdporno\u015b\u0107 na wilgo\u0107: odporna<br \/>\nOdporno\u015b\u0107 na kwasy: odporna<\/p>\n<p>Zastosowanie: W\u0142\u00f3knina ETM4 stosowana jest w urz\u0105dzeniach klimatyzacyjnych i odpylaj\u0105cych\u00a0jako wk\u0142ad do filtr\u00f3w klasy G-4 EU4<\/p>\n<h1>Mata filtracyjna ETM5 G5 EU5 &#8211; w\u0142\u00f3knina filtracyjna ETM5 G5 EU5<\/h1>\n<p>Surowiec: 100% Poliester<br \/>\nSpos\u00f3b \u0142\u0105czenia: termicznie<br \/>\nMax szeroko\u015bc w\u0142\u00f3kniny: 2 m<br \/>\nMax d\u0142ugo\u015b\u0107 zwoju: 60 mb. &#8211; standard 20mb.<br \/>\nMasa powierzchniowa: 300\u00a0g\/m2<br \/>\nGrubo\u015b\u0107 w\u0142\u00f3kniny: 12 mm<br \/>\nKolor: bia\u0142y<br \/>\nSkuteczno\u015b\u0107 odpylania:<br \/>\n(py\u0142 mineralny \u201eASHTRAE\u201d 52\/76) : \u03b7 \u2013 85% (Pr\u0119dko\u015b\u0107 liniowa = 104 cm\/sek.)<br \/>\nOdporno\u015b\u0107 na temperatur\u0119: 100C (praca ci\u0105g\u0142a)<br \/>\nOdporno\u015b\u0107 na wilgo\u0107: odporna<br \/>\nOdporno\u015b\u0107 na kwasy: odporna<\/p>\n<p>Zastosowanie:<br \/>\nW\u0142\u00f3knina filtracyjna ETM5 wykorzystywana jest w urz\u0105dzeniach klimatyzacyjnych i odpylaj\u0105cych jako wk\u0142ad do filtra klasy G-5 EU5<\/p>\n<h3 style=\"text-align: center;\"><strong>Istnieje mo\u017cliwo\u015b\u0107 produkcji mat filtracyjnych o r\u00f3\u017cnych wysoko\u015bciach i nawojach wed\u0142ug zapotrzebowania klienta. \u00a0<\/strong><\/h3>\n<p><img loading=\"lazy\" decoding=\"async\" class=\"alignnone size-large wp-image-243\" src=\"https:\/\/etfilters.pl\/wp-content\/uploads\/2017\/02\/Maty-filtracyjne-g2-g3-g4-g5-w\u0142\u00f3kniny-filtracyjne-1024x283.jpg\" alt=\"\" width=\"1024\" height=\"283\" srcset=\"https:\/\/etfilters.pl\/wp-content\/uploads\/2017\/02\/Maty-filtracyjne-g2-g3-g4-g5-w\u0142\u00f3kniny-filtracyjne-1024x283.jpg 1024w, https:\/\/etfilters.pl\/wp-content\/uploads\/2017\/02\/Maty-filtracyjne-g2-g3-g4-g5-w\u0142\u00f3kniny-filtracyjne-300x83.jpg 300w, https:\/\/etfilters.pl\/wp-content\/uploads\/2017\/02\/Maty-filtracyjne-g2-g3-g4-g5-w\u0142\u00f3kniny-filtracyjne-768x212.jpg 768w, https:\/\/etfilters.pl\/wp-content\/uploads\/2017\/02\/Maty-filtracyjne-g2-g3-g4-g5-w\u0142\u00f3kniny-filtracyjne-260x72.jpg 260w, https:\/\/etfilters.pl\/wp-content\/uploads\/2017\/02\/Maty-filtracyjne-g2-g3-g4-g5-w\u0142\u00f3kniny-filtracyjne-50x14.jpg 50w, https:\/\/etfilters.pl\/wp-content\/uploads\/2017\/02\/Maty-filtracyjne-g2-g3-g4-g5-w\u0142\u00f3kniny-filtracyjne-150x41.jpg 150w\" sizes=\"(max-width: 1024px) 100vw, 1024px\" \/><\/p>\n<h1>Maty filtracyjne :<\/h1>\n<p>ETMP 15\/150 S<br \/>\nETMP 15\/350 S<br \/>\nETMP 15\/500 S<\/p>\n<p>ETMP 15\/150S<br \/>\nETMP 15\/350S<br \/>\nETMP 15\/500S<\/p>\n<p>ETMP 15\/150S<br \/>\nETMP 15\/350S<br \/>\nETMP 15\/500S<\/p>\n<h1>Maty filtracyjne &#8211; PAINT STOP<\/h1>\n<h2><strong>Maty i filtry\u00a0z\u00a0w\u0142\u00f3kna\u00a0szklanego &#8211; Paint Stop \u00a0<\/strong><\/h2>\n<p>Zastosowanie : separacja mg\u0142y farby w lakierniach i urz\u0105dzeniach do malowania natryskowego w przemy\u015ble motoryzacyjnym w przemy\u015ble lakierniczym<\/p>\n<table border=\"2\" width=\"72%\">\n<tbody>\n<tr>\n<td width=\"40%\"><center><b>Paint-Stop\u00a0<\/b><\/center><\/td>\n<td><center><b>2&#8243;<\/b><\/center><\/td>\n<td><center><b>3&#8243;<\/b><\/center><\/td>\n<td><center><b>4&#8243;<\/b><\/center><\/td>\n<\/tr>\n<tr>\n<td><center>Klasa filtrowania<\/center><\/td>\n<td><center>G2<\/center><\/td>\n<td><center>G3<\/center><\/td>\n<td><center>G4<\/center><\/td>\n<\/tr>\n<tr>\n<td><center>Materia\u0142<\/center><\/td>\n<td colspan=\"3\"><center>W\u0142\u00f3kno szklane<\/center><\/td>\n<\/tr>\n<tr>\n<td><center>Masa [g\/m\u00b2]<\/center><\/td>\n<td><center>210<\/center><\/td>\n<td><center>240<\/center><\/td>\n<td><center>350<\/center><\/td>\n<\/tr>\n<tr>\n<td><center>Grubo\u015b\u0107 materia\u0142u [mm]<\/center><\/td>\n<td><center>50<\/center><\/td>\n<td><center>70<\/center><\/td>\n<td><center>100<\/center><\/td>\n<\/tr>\n<tr>\n<td><center>\u015aredni stopie\u0144 filtracji Am dla farby<\/center><\/td>\n<td><center>93-97<\/center><\/td>\n<td><center>93-97<\/center><\/td>\n<td><center>98-99<\/center><\/td>\n<\/tr>\n<tr>\n<td><center>Pocz\u0105tkowa strata ci\u015bnienia [Pa]<\/center><\/td>\n<td><center>6-30<\/center><\/td>\n<td><center>7-40<\/center><\/td>\n<td><center>14-60<\/center><\/td>\n<\/tr>\n<tr>\n<td><center>Ko\u0144cowa strata ci\u015bnienia [Pa]<\/center><\/td>\n<td><center>80<\/center><\/td>\n<td><center>80<\/center><\/td>\n<td><center>130<\/center><\/td>\n<\/tr>\n<tr>\n<td><center>Odporno\u015b\u0107 temperaturowa [\u00b0C]<\/center><\/td>\n<td colspan=\"3\"><center>120<\/center><\/td>\n<\/tr>\n<tr>\n<td><center>Kolor materia\u0142u<\/center><\/td>\n<td colspan=\"3\"><center>Bia\u0142o-zielony<\/center><\/td>\n<\/tr>\n<\/tbody>\n<\/table>\n<p>Maty Paint stop dost\u0119pne w rolkach o wymiarach:<\/p>\n<ul>\n<li>2 x 20mb<\/li>\n<li>1,5 x 20mb<\/li>\n<li>1 x 20mb<\/li>\n<li>0,9 x 20mb<\/li>\n<li>0,85 x 20mb<\/li>\n<li>0,75 x 20mb<\/li>\n<li>0,5 x 20 mb<\/li>\n<li>0,45 x 20mb<\/li>\n<\/ul>\n<p style=\"text-align: left;\">\n<p style=\"text-align: left;\"><img loading=\"lazy\" decoding=\"async\" class=\"alignnone size-large wp-image-8490\" src=\"https:\/\/etfilters.pl\/wp-content\/uploads\/2017\/02\/Maty-filtracyjne-paint-stop-1024x217.jpg\" alt=\"\" width=\"1024\" height=\"217\" srcset=\"https:\/\/etfilters.pl\/wp-content\/uploads\/2017\/02\/Maty-filtracyjne-paint-stop-1024x217.jpg 1024w, https:\/\/etfilters.pl\/wp-content\/uploads\/2017\/02\/Maty-filtracyjne-paint-stop-300x63.jpg 300w, https:\/\/etfilters.pl\/wp-content\/uploads\/2017\/02\/Maty-filtracyjne-paint-stop-768x163.jpg 768w, https:\/\/etfilters.pl\/wp-content\/uploads\/2017\/02\/Maty-filtracyjne-paint-stop-260x55.jpg 260w, https:\/\/etfilters.pl\/wp-content\/uploads\/2017\/02\/Maty-filtracyjne-paint-stop-50x11.jpg 50w, https:\/\/etfilters.pl\/wp-content\/uploads\/2017\/02\/Maty-filtracyjne-paint-stop-150x32.jpg 150w, https:\/\/etfilters.pl\/wp-content\/uploads\/2017\/02\/Maty-filtracyjne-paint-stop-1920x408.jpg 1920w, https:\/\/etfilters.pl\/wp-content\/uploads\/2017\/02\/Maty-filtracyjne-paint-stop.jpg 1928w\" sizes=\"(max-width: 1024px) 100vw, 1024px\" \/><\/p>\n<p>INNE MATERIA\u0141Y FILTRACYJNE:<\/p>\n<table style=\"height: 1054px;\" width=\"665\">\n<tbody>\n<tr>\n<td width=\"246\">Mata filtracyjna \/ w\u0142\u00f3knina filtracyjna<\/td>\n<td width=\"105\">Index Kat.<\/td>\n<td width=\"88\">Klasa<\/td>\n<\/tr>\n<tr>\n<td>W\u0142\u00f3knina Filtracyjna<\/td>\n<td>WF-120<\/td>\n<td>G1<\/td>\n<\/tr>\n<tr>\n<td>W\u0142\u00f3knina Filtracyjna<\/td>\n<td>WS-1B<\/td>\n<td>G1<\/td>\n<\/tr>\n<tr>\n<td>W\u0142\u00f3knina Filtracyjna<\/td>\n<td>WO-1<\/td>\n<td>G1<\/td>\n<\/tr>\n<tr>\n<td>W\u0142\u00f3knina Filtracyjna<\/td>\n<td>W\u0141T-1 125G<\/td>\n<td>G2<\/td>\n<\/tr>\n<tr>\n<td>W\u0142\u00f3knina Filtracyjna<\/td>\n<td>WF-150K<\/td>\n<td>G2<\/td>\n<\/tr>\n<tr>\n<td>W\u0142\u00f3knina Filtracyjna<\/td>\n<td>WF-MAN<\/td>\n<td>G2<\/td>\n<\/tr>\n<tr>\n<td>W\u0142\u00f3knina Filtracyjna<\/td>\n<td>WN-240<\/td>\n<td>G2<\/td>\n<\/tr>\n<tr>\n<td>W\u0142\u00f3knina Filtracyjna<\/td>\n<td>WX-1\/10<\/td>\n<td>G2<\/td>\n<\/tr>\n<tr>\n<td>W\u0142\u00f3knina Filtracyjna<\/td>\n<td>PP-17\/250<\/td>\n<td>G2<\/td>\n<\/tr>\n<tr>\n<td>W\u0142\u00f3knina Filtracyjna<\/td>\n<td>WF-A<\/td>\n<td>G2<\/td>\n<\/tr>\n<tr>\n<td>W\u0142\u00f3knina Filtracyjna<\/td>\n<td>PF-30<\/td>\n<td>G3<\/td>\n<\/tr>\n<tr>\n<td>W\u0142\u00f3knina Filtracyjna<\/td>\n<td>PF-30 W<\/td>\n<td>G3<\/td>\n<\/tr>\n<tr>\n<td>W\u0142\u00f3knina Filtracyjna<\/td>\n<td>WF-120<\/td>\n<td>G3<\/td>\n<\/tr>\n<tr>\n<td>W\u0142\u00f3knina Filtracyjna<\/td>\n<td>PF-30 2W<\/td>\n<td>G3<\/td>\n<\/tr>\n<tr>\n<td>W\u0142\u00f3knina Filtracyjna<\/td>\n<td>WF-B<\/td>\n<td>G3<\/td>\n<\/tr>\n<tr>\n<td>W\u0142\u00f3knina Filtracyjna<\/td>\n<td>ET-8<\/td>\n<td>G4<\/td>\n<\/tr>\n<tr>\n<td>W\u0142\u00f3knina Filtracyjna<\/td>\n<td>W-PD<\/td>\n<td>G4<\/td>\n<\/tr>\n<tr>\n<td>W\u0142\u00f3knina Filtracyjna<\/td>\n<td>PE-15 W<\/td>\n<td>G4<\/td>\n<\/tr>\n<tr>\n<td>W\u0142\u00f3knina Filtracyjna<\/td>\n<td>WX-1\/20<\/td>\n<td>G4<\/td>\n<\/tr>\n<tr>\n<td>W\u0142\u00f3knina Filtracyjna<\/td>\n<td>PP-17\/500<\/td>\n<td>G4<\/td>\n<\/tr>\n<tr>\n<td>W\u0142\u00f3knina Filtracyjna<\/td>\n<td>ET-6<\/td>\n<td>G5<\/td>\n<\/tr>\n<tr>\n<td>W\u0142\u00f3knina Filtracyjna<\/td>\n<td>WF-C<\/td>\n<td>G6<\/td>\n<\/tr>\n<tr>\n<td>W\u0142\u00f3knina Filtracyjna<\/td>\n<td>WF-CW<\/td>\n<td>G6<\/td>\n<\/tr>\n<tr>\n<td>W\u0142\u00f3knina Filtracyjna<\/td>\n<td>ET-7<\/td>\n<td>G7<\/td>\n<\/tr>\n<tr>\n<td>W\u0142\u00f3knina Filtracyjna<\/td>\n<td>IPE-1444 C<\/td>\n<td>G7<\/td>\n<\/tr>\n<tr>\n<td>W\u0142\u00f3knina Filtracyjna<\/td>\n<td>IPE-1444 KC<\/td>\n<td>G7<\/td>\n<\/tr>\n<tr>\n<td>W\u0142\u00f3knina Filtracyjna<\/td>\n<td>IPE-1444 CO<\/td>\n<td>G7<\/td>\n<\/tr>\n<tr>\n<td>W\u0142\u00f3knina Filtracyjna<\/td>\n<td>IPE-1444 COK<\/td>\n<td>G7<\/td>\n<\/tr>\n<tr>\n<td>W\u0142\u00f3knina Filtracyjna<\/td>\n<td>WP-1<\/td>\n<td>G7<\/td>\n<\/tr>\n<tr>\n<td>W\u0142\u00f3knina Filtracyjna<\/td>\n<td>WS-W<\/td>\n<td>G8<\/td>\n<\/tr>\n<tr>\n<td>W\u0142\u00f3knina Filtracyjna<\/td>\n<td>IPE-1444<\/td>\n<td>G8<\/td>\n<\/tr>\n<tr>\n<td>W\u0142\u00f3knina Filtracyjna<\/td>\n<td>IPE-1444 O<\/td>\n<td>G8<\/td>\n<\/tr>\n<tr>\n<td>W\u0142\u00f3knina Filtracyjna<\/td>\n<td>IPE-1444 OK<\/td>\n<td>G8<\/td>\n<\/tr>\n<\/tbody>\n<\/table>\n","protected":false},"excerpt":{"rendered":"<p>Maty filtracyjne &#8211; W\u0142\u00f3kniny filtracyjne G2, G3, G4, G5, EU2, EU3, EU4, EU5 Mata filtracyjna ETM2 G2 EU2 &#8211; w\u0142\u00f3knina filtracyjna ETM2 G2 EU2 Surowiec: 100% Poliester Spos\u00f3b \u0142\u0105czenia: termicznie Max szeroko\u015bc w\u0142\u00f3kniny: 2 m Max d\u0142ugo\u015b\u0107 zwoju: 60 mb. &#8211; standard 20mb. Masa powierzchniowa: 130 g\/m2 Grubo\u015b\u0107 w\u0142\u00f3kniny: 9,0 mm Kolor: bia\u0142y Skuteczno\u015b\u0107 odpylania: &#8230; <a title=\"MATY FILTRACYJNE W\u0141\u00d3KNINY FILTRACYJNE\" class=\"read-more\" href=\"https:\/\/etfilters.pl\/en\/maty-filtracyjne-2\/\" aria-label=\"Read more about MATY FILTRACYJNE W\u0141\u00d3KNINY FILTRACYJNE\">Read more<\/a><\/p>\n","protected":false},"author":1,"featured_media":0,"parent":0,"menu_order":0,"comment_status":"closed","ping_status":"closed","template":"","meta":{"footnotes":""},"class_list":["post-8926","page","type-page","status-publish"],"yoast_head":"<!-- This site is optimized with the Yoast SEO plugin v24.3 - https:\/\/yoast.com\/wordpress\/plugins\/seo\/ -->\n<title>MATY FILTRACYJNE W\u0141\u00d3KNINY FILTRACYJNE -<\/title>\n<meta name=\"robots\" content=\"index, follow, max-snippet:-1, max-image-preview:large, max-video-preview:-1\" \/>\n<link rel=\"canonical\" href=\"https:\/\/etfilters.pl\/maty-filtracyjne\/\" \/>\n<meta property=\"og:locale\" content=\"en_US\" \/>\n<meta property=\"og:type\" content=\"article\" \/>\n<meta property=\"og:title\" content=\"MATY FILTRACYJNE W\u0141\u00d3KNINY FILTRACYJNE -\" \/>\n<meta property=\"og:description\" content=\"Maty filtracyjne &#8211; W\u0142\u00f3kniny filtracyjne G2, G3, G4, G5, EU2, EU3, EU4, EU5 Mata filtracyjna ETM2 G2 EU2 &#8211; w\u0142\u00f3knina filtracyjna ETM2 G2 EU2 Surowiec: 100% Poliester Spos\u00f3b \u0142\u0105czenia: termicznie Max szeroko\u015bc w\u0142\u00f3kniny: 2 m Max d\u0142ugo\u015b\u0107 zwoju: 60 mb. &#8211; standard 20mb. Masa powierzchniowa: 130 g\/m2 Grubo\u015b\u0107 w\u0142\u00f3kniny: 9,0 mm Kolor: bia\u0142y Skuteczno\u015b\u0107 odpylania: ... Read more\" \/>\n<meta property=\"og:url\" content=\"https:\/\/etfilters.pl\/maty-filtracyjne\/\" \/>\n<meta property=\"article:modified_time\" content=\"2021-07-15T12:20:51+00:00\" \/>\n<meta property=\"og:image\" content=\"https:\/\/etfilters.pl\/wp-content\/uploads\/2017\/02\/Maty-filtracyjne-paint-stop-1024x217.jpg\" \/>\n<meta name=\"twitter:card\" content=\"summary_large_image\" \/>\n<meta name=\"twitter:label1\" content=\"Est. reading time\" \/>\n\t<meta name=\"twitter:data1\" content=\"4 minutes\" \/>\n<script type=\"application\/ld+json\" class=\"yoast-schema-graph\">{\"@context\":\"https:\/\/schema.org\",\"@graph\":[{\"@type\":\"WebPage\",\"@id\":\"https:\/\/etfilters.pl\/maty-filtracyjne\/\",\"url\":\"https:\/\/etfilters.pl\/maty-filtracyjne\/\",\"name\":\"MATY FILTRACYJNE W\u0141\u00d3KNINY FILTRACYJNE -\",\"isPartOf\":{\"@id\":\"https:\/\/etfilters.pl\/#website\"},\"primaryImageOfPage\":{\"@id\":\"https:\/\/etfilters.pl\/maty-filtracyjne\/#primaryimage\"},\"image\":{\"@id\":\"https:\/\/etfilters.pl\/maty-filtracyjne\/#primaryimage\"},\"thumbnailUrl\":\"https:\/\/etfilters.pl\/wp-content\/uploads\/2017\/02\/Maty-filtracyjne-paint-stop-1024x217.jpg\",\"datePublished\":\"2017-02-14T11:35:07+00:00\",\"dateModified\":\"2021-07-15T12:20:51+00:00\",\"breadcrumb\":{\"@id\":\"https:\/\/etfilters.pl\/maty-filtracyjne\/#breadcrumb\"},\"inLanguage\":\"en-US\",\"potentialAction\":[{\"@type\":\"ReadAction\",\"target\":[\"https:\/\/etfilters.pl\/maty-filtracyjne\/\"]}]},{\"@type\":\"ImageObject\",\"inLanguage\":\"en-US\",\"@id\":\"https:\/\/etfilters.pl\/maty-filtracyjne\/#primaryimage\",\"url\":\"https:\/\/etfilters.pl\/wp-content\/uploads\/2017\/02\/Maty-filtracyjne-paint-stop-1024x217.jpg\",\"contentUrl\":\"https:\/\/etfilters.pl\/wp-content\/uploads\/2017\/02\/Maty-filtracyjne-paint-stop-1024x217.jpg\"},{\"@type\":\"BreadcrumbList\",\"@id\":\"https:\/\/etfilters.pl\/maty-filtracyjne\/#breadcrumb\",\"itemListElement\":[{\"@type\":\"ListItem\",\"position\":1,\"name\":\"Strona g\u0142\u00f3wna\",\"item\":\"https:\/\/etfilters.pl\/en\/home\/\"},{\"@type\":\"ListItem\",\"position\":2,\"name\":\"MATY FILTRACYJNE W\u0141\u00d3KNINY FILTRACYJNE\"}]},{\"@type\":\"WebSite\",\"@id\":\"https:\/\/etfilters.pl\/#website\",\"url\":\"https:\/\/etfilters.pl\/\",\"name\":\"https:\/\/etfilters.pl\/\",\"description\":\"\",\"publisher\":{\"@id\":\"https:\/\/etfilters.pl\/#organization\"},\"potentialAction\":[{\"@type\":\"SearchAction\",\"target\":{\"@type\":\"EntryPoint\",\"urlTemplate\":\"https:\/\/etfilters.pl\/?s={search_term_string}\"},\"query-input\":{\"@type\":\"PropertyValueSpecification\",\"valueRequired\":true,\"valueName\":\"search_term_string\"}}],\"inLanguage\":\"en-US\"},{\"@type\":\"Organization\",\"@id\":\"https:\/\/etfilters.pl\/#organization\",\"name\":\"ET Filters\",\"url\":\"https:\/\/etfilters.pl\/\",\"logo\":{\"@type\":\"ImageObject\",\"inLanguage\":\"en-US\",\"@id\":\"https:\/\/etfilters.pl\/#\/schema\/logo\/image\/\",\"url\":\"https:\/\/etfilters.pl\/wp-content\/uploads\/2020\/03\/logo.png\",\"contentUrl\":\"https:\/\/etfilters.pl\/wp-content\/uploads\/2020\/03\/logo.png\",\"width\":350,\"height\":49,\"caption\":\"ET Filters\"},\"image\":{\"@id\":\"https:\/\/etfilters.pl\/#\/schema\/logo\/image\/\"}}]}<\/script>\n<!-- \/ Yoast SEO plugin. -->","yoast_head_json":{"title":"MATY FILTRACYJNE W\u0141\u00d3KNINY FILTRACYJNE -","robots":{"index":"index","follow":"follow","max-snippet":"max-snippet:-1","max-image-preview":"max-image-preview:large","max-video-preview":"max-video-preview:-1"},"canonical":"https:\/\/etfilters.pl\/maty-filtracyjne\/","og_locale":"en_US","og_type":"article","og_title":"MATY FILTRACYJNE W\u0141\u00d3KNINY FILTRACYJNE -","og_description":"Maty filtracyjne &#8211; W\u0142\u00f3kniny filtracyjne G2, G3, G4, G5, EU2, EU3, EU4, EU5 Mata filtracyjna ETM2 G2 EU2 &#8211; w\u0142\u00f3knina filtracyjna ETM2 G2 EU2 Surowiec: 100% Poliester Spos\u00f3b \u0142\u0105czenia: termicznie Max szeroko\u015bc w\u0142\u00f3kniny: 2 m Max d\u0142ugo\u015b\u0107 zwoju: 60 mb. &#8211; standard 20mb. Masa powierzchniowa: 130 g\/m2 Grubo\u015b\u0107 w\u0142\u00f3kniny: 9,0 mm Kolor: bia\u0142y Skuteczno\u015b\u0107 odpylania: ... Read more","og_url":"https:\/\/etfilters.pl\/maty-filtracyjne\/","article_modified_time":"2021-07-15T12:20:51+00:00","og_image":[{"url":"https:\/\/etfilters.pl\/wp-content\/uploads\/2017\/02\/Maty-filtracyjne-paint-stop-1024x217.jpg","type":"","width":"","height":""}],"twitter_card":"summary_large_image","twitter_misc":{"Est. reading time":"4 minutes"},"schema":{"@context":"https:\/\/schema.org","@graph":[{"@type":"WebPage","@id":"https:\/\/etfilters.pl\/maty-filtracyjne\/","url":"https:\/\/etfilters.pl\/maty-filtracyjne\/","name":"MATY FILTRACYJNE W\u0141\u00d3KNINY FILTRACYJNE -","isPartOf":{"@id":"https:\/\/etfilters.pl\/#website"},"primaryImageOfPage":{"@id":"https:\/\/etfilters.pl\/maty-filtracyjne\/#primaryimage"},"image":{"@id":"https:\/\/etfilters.pl\/maty-filtracyjne\/#primaryimage"},"thumbnailUrl":"https:\/\/etfilters.pl\/wp-content\/uploads\/2017\/02\/Maty-filtracyjne-paint-stop-1024x217.jpg","datePublished":"2017-02-14T11:35:07+00:00","dateModified":"2021-07-15T12:20:51+00:00","breadcrumb":{"@id":"https:\/\/etfilters.pl\/maty-filtracyjne\/#breadcrumb"},"inLanguage":"en-US","potentialAction":[{"@type":"ReadAction","target":["https:\/\/etfilters.pl\/maty-filtracyjne\/"]}]},{"@type":"ImageObject","inLanguage":"en-US","@id":"https:\/\/etfilters.pl\/maty-filtracyjne\/#primaryimage","url":"https:\/\/etfilters.pl\/wp-content\/uploads\/2017\/02\/Maty-filtracyjne-paint-stop-1024x217.jpg","contentUrl":"https:\/\/etfilters.pl\/wp-content\/uploads\/2017\/02\/Maty-filtracyjne-paint-stop-1024x217.jpg"},{"@type":"BreadcrumbList","@id":"https:\/\/etfilters.pl\/maty-filtracyjne\/#breadcrumb","itemListElement":[{"@type":"ListItem","position":1,"name":"Strona g\u0142\u00f3wna","item":"https:\/\/etfilters.pl\/en\/home\/"},{"@type":"ListItem","position":2,"name":"MATY FILTRACYJNE W\u0141\u00d3KNINY FILTRACYJNE"}]},{"@type":"WebSite","@id":"https:\/\/etfilters.pl\/#website","url":"https:\/\/etfilters.pl\/","name":"https:\/\/etfilters.pl\/","description":"","publisher":{"@id":"https:\/\/etfilters.pl\/#organization"},"potentialAction":[{"@type":"SearchAction","target":{"@type":"EntryPoint","urlTemplate":"https:\/\/etfilters.pl\/?s={search_term_string}"},"query-input":{"@type":"PropertyValueSpecification","valueRequired":true,"valueName":"search_term_string"}}],"inLanguage":"en-US"},{"@type":"Organization","@id":"https:\/\/etfilters.pl\/#organization","name":"ET Filters","url":"https:\/\/etfilters.pl\/","logo":{"@type":"ImageObject","inLanguage":"en-US","@id":"https:\/\/etfilters.pl\/#\/schema\/logo\/image\/","url":"https:\/\/etfilters.pl\/wp-content\/uploads\/2020\/03\/logo.png","contentUrl":"https:\/\/etfilters.pl\/wp-content\/uploads\/2020\/03\/logo.png","width":350,"height":49,"caption":"ET Filters"},"image":{"@id":"https:\/\/etfilters.pl\/#\/schema\/logo\/image\/"}}]}},"_links":{"self":[{"href":"https:\/\/etfilters.pl\/en\/wp-json\/wp\/v2\/pages\/8926"}],"collection":[{"href":"https:\/\/etfilters.pl\/en\/wp-json\/wp\/v2\/pages"}],"about":[{"href":"https:\/\/etfilters.pl\/en\/wp-json\/wp\/v2\/types\/page"}],"author":[{"embeddable":true,"href":"https:\/\/etfilters.pl\/en\/wp-json\/wp\/v2\/users\/1"}],"replies":[{"embeddable":true,"href":"https:\/\/etfilters.pl\/en\/wp-json\/wp\/v2\/comments?post=8926"}],"version-history":[{"count":1,"href":"https:\/\/etfilters.pl\/en\/wp-json\/wp\/v2\/pages\/8926\/revisions"}],"predecessor-version":[{"id":9184,"href":"https:\/\/etfilters.pl\/en\/wp-json\/wp\/v2\/pages\/8926\/revisions\/9184"}],"wp:attachment":[{"href":"https:\/\/etfilters.pl\/en\/wp-json\/wp\/v2\/media?parent=8926"}],"curies":[{"name":"wp","href":"https:\/\/api.w.org\/{rel}","templated":true}]}}